{"id":192,"date":"2015-03-17T14:27:06","date_gmt":"2015-03-17T12:27:06","guid":{"rendered":"http:\/http:\/\/www.ainojaaskelainen.com\/kuvataiteilijaainojaaskelainen\/?page_id=192"},"modified":"2015-03-20T12:59:51","modified_gmt":"2015-03-20T10:59:51","slug":"yhteystiedot","status":"publish","type":"page","link":"https:\/\/www.ainojaaskelainen.com\/?page_id=192","title":{"rendered":"Yhteystiedot"},"content":{"rendered":"<p><a href=\"http:\/\/www.ainojaaskelainen.com\/kuvataiteilijaainojaaskelainen\/wp-content\/uploads\/2015\/03\/omakuvablogiin.jpg\"><img loading=\"lazy\" decoding=\"async\" class=\"alignnone wp-image-193 size-medium\" src=\"http:\/\/www.ainojaaskelainen.com\/wp-content\/uploads\/2015\/03\/omakuvablogiin-223x300.jpg\" alt=\"omakuvablogiin\" width=\"223\" height=\"300\" srcset=\"https:\/\/www.ainojaaskelainen.com\/wp-content\/uploads\/2015\/03\/omakuvablogiin-223x300.jpg 223w, https:\/\/www.ainojaaskelainen.com\/wp-content\/uploads\/2015\/03\/omakuvablogiin.jpg 591w\" sizes=\"auto, (max-width: 223px) 100vw, 223px\" \/><\/a><\/p>\n<p>ainojaaskelainen at gmail .com<\/p>\n<p><a href=\"http:\/\/www.kuvataiteilijamatrikkeli.fi\/fi\/taiteilijat\/2955\">Kuvataitelijamatrikkeli<\/a><\/p>\n","protected":false},"excerpt":{"rendered":"<p>ainojaaskelainen at gmail .com Kuvataitelijamatrikkeli<\/p>\n","protected":false},"author":1,"featured_media":0,"parent":0,"menu_order":3,"comment_status":"closed","ping_status":"closed","template":"page-templates\/full-width.php","meta":{"ngg_post_thumbnail":0,"footnotes":""},"class_list":["post-192","page","type-page","status-publish","hentry"],"yoast_head":"<!-- This site is optimized with the Yoast SEO plugin v27.5 - https:\/\/yoast.com\/product\/yoast-seo-wordpress\/ -->\n<title>Yhteystiedot - Kuvataiteilija Aino J\u00e4\u00e4skel\u00e4inen<\/title>\n<meta name=\"robots\" content=\"index, follow, max-snippet:-1, max-image-preview:large, max-video-preview:-1\" \/>\n<link rel=\"canonical\" href=\"http:\/\/www.ainojaaskelainen.com\/?page_id=192\" \/>\n<meta property=\"og:locale\" content=\"fi_FI\" \/>\n<meta property=\"og:type\" content=\"article\" \/>\n<meta property=\"og:title\" content=\"Yhteystiedot - Kuvataiteilija Aino J\u00e4\u00e4skel\u00e4inen\" \/>\n<meta property=\"og:description\" content=\"ainojaaskelainen at gmail .com Kuvataitelijamatrikkeli\" \/>\n<meta property=\"og:url\" content=\"http:\/\/www.ainojaaskelainen.com\/?page_id=192\" \/>\n<meta property=\"og:site_name\" content=\"Kuvataiteilija Aino J\u00e4\u00e4skel\u00e4inen\" \/>\n<meta property=\"article:publisher\" content=\"https:\/\/www.facebook.com\/ainojaaskelainentaidegraafikko\/\" \/>\n<meta property=\"article:modified_time\" content=\"2015-03-20T10:59:51+00:00\" \/>\n<meta property=\"og:image\" content=\"http:\/\/www.ainojaaskelainen.com\/wp-content\/uploads\/2015\/03\/omakuvablogiin-223x300.jpg\" \/>\n<meta name=\"twitter:card\" content=\"summary_large_image\" \/>\n<script type=\"application\/ld+json\" class=\"yoast-schema-graph\">{\"@context\":\"https:\\\/\\\/schema.org\",\"@graph\":[{\"@type\":\"WebPage\",\"@id\":\"http:\\\/\\\/www.ainojaaskelainen.com\\\/?page_id=192\",\"url\":\"http:\\\/\\\/www.ainojaaskelainen.com\\\/?page_id=192\",\"name\":\"Yhteystiedot - Kuvataiteilija Aino J\u00e4\u00e4skel\u00e4inen\",\"isPartOf\":{\"@id\":\"https:\\\/\\\/www.ainojaaskelainen.com\\\/#website\"},\"primaryImageOfPage\":{\"@id\":\"http:\\\/\\\/www.ainojaaskelainen.com\\\/?page_id=192#primaryimage\"},\"image\":{\"@id\":\"http:\\\/\\\/www.ainojaaskelainen.com\\\/?page_id=192#primaryimage\"},\"thumbnailUrl\":\"http:\\\/\\\/www.ainojaaskelainen.com\\\/wp-content\\\/uploads\\\/2015\\\/03\\\/omakuvablogiin-223x300.jpg\",\"datePublished\":\"2015-03-17T12:27:06+00:00\",\"dateModified\":\"2015-03-20T10:59:51+00:00\",\"breadcrumb\":{\"@id\":\"http:\\\/\\\/www.ainojaaskelainen.com\\\/?page_id=192#breadcrumb\"},\"inLanguage\":\"fi\",\"potentialAction\":[{\"@type\":\"ReadAction\",\"target\":[\"http:\\\/\\\/www.ainojaaskelainen.com\\\/?page_id=192\"]}]},{\"@type\":\"ImageObject\",\"inLanguage\":\"fi\",\"@id\":\"http:\\\/\\\/www.ainojaaskelainen.com\\\/?page_id=192#primaryimage\",\"url\":\"https:\\\/\\\/www.ainojaaskelainen.com\\\/wp-content\\\/uploads\\\/2015\\\/03\\\/omakuvablogiin.jpg\",\"contentUrl\":\"https:\\\/\\\/www.ainojaaskelainen.com\\\/wp-content\\\/uploads\\\/2015\\\/03\\\/omakuvablogiin.jpg\",\"width\":591,\"height\":794},{\"@type\":\"BreadcrumbList\",\"@id\":\"http:\\\/\\\/www.ainojaaskelainen.com\\\/?page_id=192#breadcrumb\",\"itemListElement\":[{\"@type\":\"ListItem\",\"position\":1,\"name\":\"Etusivu\",\"item\":\"https:\\\/\\\/www.ainojaaskelainen.com\\\/\"},{\"@type\":\"ListItem\",\"position\":2,\"name\":\"Yhteystiedot\"}]},{\"@type\":\"WebSite\",\"@id\":\"https:\\\/\\\/www.ainojaaskelainen.com\\\/#website\",\"url\":\"https:\\\/\\\/www.ainojaaskelainen.com\\\/\",\"name\":\"Kuvataiteilija Aino J\u00e4\u00e4skel\u00e4inen\",\"description\":\"\",\"potentialAction\":[{\"@type\":\"SearchAction\",\"target\":{\"@type\":\"EntryPoint\",\"urlTemplate\":\"https:\\\/\\\/www.ainojaaskelainen.com\\\/?s={search_term_string}\"},\"query-input\":{\"@type\":\"PropertyValueSpecification\",\"valueRequired\":true,\"valueName\":\"search_term_string\"}}],\"inLanguage\":\"fi\"}]}<\/script>\n<!-- \/ Yoast SEO plugin. -->","yoast_head_json":{"title":"Yhteystiedot - Kuvataiteilija Aino J\u00e4\u00e4skel\u00e4inen","robots":{"index":"index","follow":"follow","max-snippet":"max-snippet:-1","max-image-preview":"max-image-preview:large","max-video-preview":"max-video-preview:-1"},"canonical":"http:\/\/www.ainojaaskelainen.com\/?page_id=192","og_locale":"fi_FI","og_type":"article","og_title":"Yhteystiedot - Kuvataiteilija Aino J\u00e4\u00e4skel\u00e4inen","og_description":"ainojaaskelainen at gmail .com Kuvataitelijamatrikkeli","og_url":"http:\/\/www.ainojaaskelainen.com\/?page_id=192","og_site_name":"Kuvataiteilija Aino J\u00e4\u00e4skel\u00e4inen","article_publisher":"https:\/\/www.facebook.com\/ainojaaskelainentaidegraafikko\/","article_modified_time":"2015-03-20T10:59:51+00:00","og_image":[{"url":"http:\/\/www.ainojaaskelainen.com\/wp-content\/uploads\/2015\/03\/omakuvablogiin-223x300.jpg","type":"","width":"","height":""}],"twitter_card":"summary_large_image","schema":{"@context":"https:\/\/schema.org","@graph":[{"@type":"WebPage","@id":"http:\/\/www.ainojaaskelainen.com\/?page_id=192","url":"http:\/\/www.ainojaaskelainen.com\/?page_id=192","name":"Yhteystiedot - Kuvataiteilija Aino J\u00e4\u00e4skel\u00e4inen","isPartOf":{"@id":"https:\/\/www.ainojaaskelainen.com\/#website"},"primaryImageOfPage":{"@id":"http:\/\/www.ainojaaskelainen.com\/?page_id=192#primaryimage"},"image":{"@id":"http:\/\/www.ainojaaskelainen.com\/?page_id=192#primaryimage"},"thumbnailUrl":"http:\/\/www.ainojaaskelainen.com\/wp-content\/uploads\/2015\/03\/omakuvablogiin-223x300.jpg","datePublished":"2015-03-17T12:27:06+00:00","dateModified":"2015-03-20T10:59:51+00:00","breadcrumb":{"@id":"http:\/\/www.ainojaaskelainen.com\/?page_id=192#breadcrumb"},"inLanguage":"fi","potentialAction":[{"@type":"ReadAction","target":["http:\/\/www.ainojaaskelainen.com\/?page_id=192"]}]},{"@type":"ImageObject","inLanguage":"fi","@id":"http:\/\/www.ainojaaskelainen.com\/?page_id=192#primaryimage","url":"https:\/\/www.ainojaaskelainen.com\/wp-content\/uploads\/2015\/03\/omakuvablogiin.jpg","contentUrl":"https:\/\/www.ainojaaskelainen.com\/wp-content\/uploads\/2015\/03\/omakuvablogiin.jpg","width":591,"height":794},{"@type":"BreadcrumbList","@id":"http:\/\/www.ainojaaskelainen.com\/?page_id=192#breadcrumb","itemListElement":[{"@type":"ListItem","position":1,"name":"Etusivu","item":"https:\/\/www.ainojaaskelainen.com\/"},{"@type":"ListItem","position":2,"name":"Yhteystiedot"}]},{"@type":"WebSite","@id":"https:\/\/www.ainojaaskelainen.com\/#website","url":"https:\/\/www.ainojaaskelainen.com\/","name":"Kuvataiteilija Aino J\u00e4\u00e4skel\u00e4inen","description":"","potentialAction":[{"@type":"SearchAction","target":{"@type":"EntryPoint","urlTemplate":"https:\/\/www.ainojaaskelainen.com\/?s={search_term_string}"},"query-input":{"@type":"PropertyValueSpecification","valueRequired":true,"valueName":"search_term_string"}}],"inLanguage":"fi"}]}},"_links":{"self":[{"href":"https:\/\/www.ainojaaskelainen.com\/index.php?rest_route=\/wp\/v2\/pages\/192","targetHints":{"allow":["GET"]}}],"collection":[{"href":"https:\/\/www.ainojaaskelainen.com\/index.php?rest_route=\/wp\/v2\/pages"}],"about":[{"href":"https:\/\/www.ainojaaskelainen.com\/index.php?rest_route=\/wp\/v2\/types\/page"}],"author":[{"embeddable":true,"href":"https:\/\/www.ainojaaskelainen.com\/index.php?rest_route=\/wp\/v2\/users\/1"}],"replies":[{"embeddable":true,"href":"https:\/\/www.ainojaaskelainen.com\/index.php?rest_route=%2Fwp%2Fv2%2Fcomments&post=192"}],"version-history":[{"count":4,"href":"https:\/\/www.ainojaaskelainen.com\/index.php?rest_route=\/wp\/v2\/pages\/192\/revisions"}],"predecessor-version":[{"id":200,"href":"https:\/\/www.ainojaaskelainen.com\/index.php?rest_route=\/wp\/v2\/pages\/192\/revisions\/200"}],"wp:attachment":[{"href":"https:\/\/www.ainojaaskelainen.com\/index.php?rest_route=%2Fwp%2Fv2%2Fmedia&parent=192"}],"curies":[{"name":"wp","href":"https:\/\/api.w.org\/{rel}","templated":true}]}}