{"id":190,"date":"2015-03-17T14:20:01","date_gmt":"2015-03-17T12:20:01","guid":{"rendered":"http:\/http:\/\/www.ainojaaskelainen.com\/kuvataiteilijaainojaaskelainen\/?page_id=190"},"modified":"2025-10-30T16:24:47","modified_gmt":"2025-10-30T14:24:47","slug":"cv","status":"publish","type":"page","link":"http:\/\/www.ainojaaskelainen.com\/?page_id=190","title":{"rendered":"CV"},"content":{"rendered":"<p>AINO J\u00c4\u00c4SKEL\u00c4INEN&nbsp;&nbsp; &nbsp;&nbsp;&nbsp; &nbsp;&nbsp;&nbsp; &nbsp;&nbsp;&nbsp; &nbsp;&nbsp;&nbsp; &nbsp;&nbsp;&nbsp;&nbsp;&nbsp;&nbsp;&nbsp;&nbsp;&nbsp;&nbsp;&nbsp; &nbsp;&nbsp;&nbsp; &nbsp;&nbsp;&nbsp;&nbsp;&nbsp;&nbsp;&nbsp;&nbsp;&nbsp;&nbsp;<br>s.1980<br>e-mail: ainojaaskelainen@gmail.com<br>www.ainojaaskelainen.com<\/p>\n<p>OPINNOT<\/p>\n<p>2010-2011&nbsp; Taiteilijan pedagogiset erikoistumisopinnot, Lahden Taide- ja muotoiluinstituutti<br>2005\u20132008 Kuvataideakatemia, KUM<br>2003&nbsp;&nbsp;&nbsp;&nbsp;&nbsp;&nbsp;&nbsp;&nbsp;&nbsp;&nbsp; Latvijas Makslas Akademija<br>2001\u20132005 Lahden Taideinstituutti, kuvataiteilija AMK<br>1999\u20132000 Kannelj\u00e4rven opisto, taidelinja<br>1996\u20131999 Helsingin kuvataidelukio, YO<\/p>\n<p>YKSITYISN\u00c4YTTELYT<\/p>\n<p>2025 Liepeilt\u00e4, Galleria Huuto Kalasatama, Helsinki<br>2022 Ihmeiden aika ja muita unia, Galleria G, Helsinki<br>2020 Karkkip\u00e4iv\u00e4 ja kultainen katse, Galleria LUTS, Lohja<br>2019 N\u00e4kij\u00e4t, Galleria Huuto, Helsinki<br>2017 T\u00e4htipoika ja ruususuut, Huuto Galleria, Uudemaankatu, Helsinki<br>2013 Vanishing and beautiful, Galerie Pleiku, Berliini<br>2013 Kauniit ja Katoavat, Huuto Galleria, J\u00e4tk\u00e4saari 2, Helsinki<br>2011 Katotaan, Promenadigalleria, Hyvink\u00e4\u00e4<br>2009 Siell\u00e4 min\u00e4kin, Galleria Uusi kipin\u00e4, Kulma, Lahti<br>2007 Matkaajat, Porras galleria, Helsinki<br>2007 Oli kerran, jossain, Kuvataideakatemian galleria, Helsinki<br>&nbsp;<br>JYRYTETYT N\u00c4YTTELYT<\/p>\n<p>2024 Aurora Borealis, Prints from the North, Gdansk, Puola<br>2022&nbsp; Art Tube I Kadrioru Plaza galleria, Tallinna, Viro<br>2018 Taidekeskus Krimin Purkutalon\u00e4yttely, Imatra<br>2017 Kvintetti, Helsingin Taitelijaseuran 50-v juhlan\u00e4yttely.<br>2015 Huominen, Taidekeskus Haiharan teeman\u00e4yttely, Tampere<br>2013 The 11th Baltic States Bienniale, Kaliningrad, Ven\u00e4j\u00e4<br>2011 SKjL vuosin\u00e4yttely, Puristamo, Helsinki<br>2009 The Art of BasWare, Sanomatalo, Helsinki<br>2008 AGK, Soul Kitchen, Helsinki<br>2008 Miljon\u00e4\u00e4riklubi Vantaan tait.seur. kes\u00e4n\u00e4yttely, Gjutars, Vantaa<br>2007 Kvartetti, Helsingin Taiteilijaseuran 40-v juhlan\u00e4yttely, Stoa, Helsinki<br>2007 The Art of BasWare, Sanomatalo, Helsinki<br>2006 The Art of BasWare, Sanomatalo, Helsinki<br>2005 Graphiga Creativa 2005, Jyv\u00e4skyl\u00e4n taidemuseo<br>2003 Nuorten n\u00e4yttely, Helsingin Taidehalli<\/p>\n<p>RYHM\u00c4-JA YHTEISN\u00c4YTTELYT &nbsp;<\/p>\n<p>2024 Mahdolliset paratiisit, Anna Sepp\u00e4l\u00e4n kanssa, Malmitalon galleria, Helsinki<br>2023 Sattuman vaara, Voipaalan taidekesus, Valkeakoski<br>2023 Begining &#8211; A New Abyss, Huuto ja Parazit, Galleria Huuto<br>2023 Huh-Huh! Uusi Huuto Kalasatamassa, Galleria Huuto, Helsinki<br>2022 Oooooooh! Huuto 20-vuotta, Galleria Huuto, Helsinki&nbsp;<br>2021 IHAN TOSSA, Tupakkamakasiini, Pietarsaari<br>2021 Mustan Kissan MUSEOPAMAUS, Tohmaj\u00e4rvi<br>2019 HTS:n joulu 144 taiteilijaa -144 teosta, Galleria Katariina, Helsinki<br>2019 International Festival of Monotype, Pietari<br>2019 Mustan Kissan kes\u00e4pamaus, Onkamo<br>2018 Huuto oot uuH! , Galleria Huuto, Helsinki<br>2017 Mukana Huudon \u201cYksi\u00f6iss\u00e4\u201d Huuto, J\u00e4tk\u00e4saari, Helsinki<br>2013 Anonymous artwork, Huuto Galleria, J\u00e4tk\u00e4saari 1, Helsinki<br>2012 VII International Festival of Monotype, Pietari<br>2011 International Festival of Monotype VI, Ven\u00e4j\u00e4n Tiede- ja kulttuurikeskus, Helsinki<br>2011 Heijastus, Kaisa Erikssonin ja Essi Tammimaan kanssa, Galleria Gjutars, Vantaa<br>2010 International Festival of Monotype V, Pietari<br>2009 Onni, Galleria Rantakasarmi, Helsinki<br>2008 Poissa, Poriginal galleria, Kaisa Kontion kanssa, Pori<br>2007 Kuvataideakatemian lopputy\u00f6n\u00e4yttely, FaFa galleria, Helsinki<br>2006 Kuvataideakatemian kes\u00e4n\u00e4yttely, Helsinki<br>2006 Who are the new MFA students?, Kaiku galleria, Helsinki<br>2005 Kosinta paronien ja piirasten keskell\u00e4, Puristamo, Helsinki<br>2005 Sektio, Lahden Taideinstituutin opinn\u00e4ytety\u00f6n\u00e4yttely, Taidepanimo, Lahti<br>2005 N\u00e4yttely Aaron Heinon ja Terhi Kaakisen kanssa, H\u00e4me- Galleria, Lahti<br>2002 Katajakatu ja muita lokaatioita, Atte Uotilan kanssa, H\u00e4me- Galleria, Lahti<br>2002 SUOMI KANNEL III, Kannelj\u00e4rven opiston taidelinja 10v, Kaapelitehdas, Helsinki<br>2001 Maalauksia ja muita kuvia, Katri Kainulaisen kanssa, Vernissa, Vantaa<br>2000 Taidelinjan kev\u00e4tn\u00e4yttely, TaideNostatus, Lohja<\/p>\n<p>J\u00c4SENYYDET<\/p>\n<p>Suomen Taidegraafikot ry.<br>Helsingin taiteilijaseura<br>Mehil\u00e4ispes\u00e4 ry.<br>KUVASTO ry.<\/p>\n<p>STIPENDIT JA APURAHAT<\/p>\n<p>2021 Taike, korona-apuraha 5.haku, ty\u00f6skentelyapuraha &nbsp;&nbsp;&nbsp;&nbsp;&nbsp;&nbsp;&nbsp;&nbsp;&nbsp;&nbsp;&nbsp;&nbsp;&nbsp;&nbsp;&nbsp;&nbsp; &nbsp;&nbsp; &nbsp;&nbsp;&nbsp;&nbsp;&nbsp;&nbsp;&nbsp;&nbsp;&nbsp;&nbsp;&nbsp;&nbsp;&nbsp;&nbsp;&nbsp;&nbsp;&nbsp;&nbsp;&nbsp;&nbsp;&nbsp; <br>2020 Taike, korona-apuraha 3. haku, ty\u00f6skentelyapuraha<br>2017 Suomen Kulttuurirahasto, Uudenmaanrahasto, ty\u00f6skentelyapuraha<br>2014 Suomen Kulttuurirahasto, Uudenmaanrahasto, ty\u00f6skentelyapuraha<br>2014 Valtion taidetoimikunta, kohdeapuraha(ty\u00f6ryhm\u00e4)<br>2013 Frame, matka -apuraha<br>2013 Suomen Taitelijaseura, matka-apuraha residenssiin<br>2010 Uudenmaan taidetoimikunta, ty\u00f6skentelyapuraha<br>2008 Helsingin Saskia ry, Arvo Summasen muistorahaston stipendi<\/p>\n<p>TEOKSIA KOKOELMISSA<\/p>\n<p>Valtion taidekokoelmat<br>HAM<br>HUS<br>Helsingin Saskia ry.<br>Haarla oy.<br>Nurmij\u00e4rvi<\/p>\n<p>MUUTA<\/p>\n<p>2022 Vauvojen v\u00e4rikylpy-ohjaajakoulutus, Kruunup\u00e4\u00e4, Pori <br>2018 #huutotemporary tapahtuma kes\u00e4 2018 sosiaalisessa mediassa<br>2017 Taidelainaamon kes\u00e4kuun taitelija, Helsingin Taitelijaseuran Taidelainaamo, Helsinki<br>2017 Mukana Huudon \u201cYksi\u00f6ss\u00e4\u201d, Supermarket, Tukholma ja Art Fair Suomi, Kaapelitehdas<br>2015 \u201dAAVA\u201d, Grafoteekin syyskuun taiteilija, Galleria G, Helsinki<br>2014, 2016, 2017, 2020, 2021 Mehil\u00e4ispes\u00e4 ry:n hallitus<br>2013&nbsp; Ateljees\u00e4\u00e4ti\u00f6n Marbellan residenssi Kaisa Erikssonin kanssa<br>2012- 2013 Suomen taidegraafkoiden n\u00e4yttelytoimikunta<\/p>\n<p>OPETUSTY\u00d6<\/p>\n<p>2023-&nbsp; Kalliolan kansalaisopisto, Vauvojen v\u00e4rikylpy-ohjaaja<br>2022&nbsp; &nbsp; Espoon kuvataidekoulu, PIMA opettaja<br>2016-&nbsp; Lapin avoimen yliopiston opintojen grafiikan opettaja Kannelj\u00e4rven opistossa <br>2014&nbsp;&nbsp; Keravan Kuvataidekoulu<br>2013&nbsp;&nbsp; Espoon kuvataidekoulu, Grafiikan tuntiopettaja<br>2012-2020&nbsp; Grafiikkaa savelle kursseja Septariassa<br>2006-&nbsp; Kannelj\u00e4rven opiston grafiikan opettaja<br>2010 &nbsp; Annantalo, grafiikan opettaja<\/p>\n\n\n<p><\/p>\n","protected":false},"excerpt":{"rendered":"<p>AINO J\u00c4\u00c4SKEL\u00c4INEN&nbsp;&nbsp; &nbsp;&nbsp;&nbsp; &nbsp;&nbsp;&nbsp; &nbsp;&nbsp;&nbsp; &nbsp;&nbsp;&nbsp; &nbsp;&nbsp;&nbsp;&nbsp;&nbsp;&nbsp;&nbsp;&nbsp;&nbsp;&nbsp;&nbsp; &nbsp;&nbsp;&nbsp; &nbsp;&nbsp;&nbsp;&nbsp;&nbsp;&nbsp;&nbsp;&nbsp;&nbsp;&nbsp;s.1980e-mail: ainojaaskelainen@gmail.comwww.ainojaaskelainen.com OPINNOT 2010-2011&nbsp; Taiteilijan pedagogiset erikoistumisopinnot, Lahden Taide- ja muotoiluinstituutti2005\u20132008 Kuvataideakatemia, KUM2003&nbsp;&nbsp;&nbsp;&nbsp;&nbsp;&nbsp;&nbsp;&nbsp;&nbsp;&nbsp; Latvijas Makslas Akademija2001\u20132005 Lahden Taideinstituutti, kuvataiteilija AMK1999\u20132000 Kannelj\u00e4rven opisto, taidelinja1996\u20131999 Helsingin kuvataidelukio, YO YKSITYISN\u00c4YTTELYT 2025 Liepeilt\u00e4, Galleria Huuto Kalasatama, Helsinki2022 Ihmeiden aika ja muita unia, Galleria G, Helsinki2020 Karkkip\u00e4iv\u00e4 ja kultainen katse, Galleria LUTS, [&hellip;]<\/p>\n","protected":false},"author":1,"featured_media":0,"parent":0,"menu_order":2,"comment_status":"closed","ping_status":"closed","template":"page-templates\/full-width.php","meta":{"ngg_post_thumbnail":0,"footnotes":""},"class_list":["post-190","page","type-page","status-publish","hentry"],"yoast_head":"<!-- This site is optimized with the Yoast SEO plugin v27.4 - https:\/\/yoast.com\/product\/yoast-seo-wordpress\/ -->\n<title>CV - Kuvataiteilija Aino J\u00e4\u00e4skel\u00e4inen<\/title>\n<meta name=\"robots\" content=\"index, follow, max-snippet:-1, max-image-preview:large, max-video-preview:-1\" \/>\n<link rel=\"canonical\" href=\"http:\/\/www.ainojaaskelainen.com\/?page_id=190\" \/>\n<meta property=\"og:locale\" content=\"fi_FI\" \/>\n<meta property=\"og:type\" content=\"article\" \/>\n<meta property=\"og:title\" content=\"CV - Kuvataiteilija Aino J\u00e4\u00e4skel\u00e4inen\" \/>\n<meta property=\"og:description\" content=\"AINO J\u00c4\u00c4SKEL\u00c4INEN&nbsp;&nbsp; &nbsp;&nbsp;&nbsp; &nbsp;&nbsp;&nbsp; &nbsp;&nbsp;&nbsp; &nbsp;&nbsp;&nbsp; &nbsp;&nbsp;&nbsp;&nbsp;&nbsp;&nbsp;&nbsp;&nbsp;&nbsp;&nbsp;&nbsp; &nbsp;&nbsp;&nbsp; &nbsp;&nbsp;&nbsp;&nbsp;&nbsp;&nbsp;&nbsp;&nbsp;&nbsp;&nbsp;s.1980e-mail: ainojaaskelainen@gmail.comwww.ainojaaskelainen.com OPINNOT 2010-2011&nbsp; Taiteilijan pedagogiset erikoistumisopinnot, Lahden Taide- ja muotoiluinstituutti2005\u20132008 Kuvataideakatemia, KUM2003&nbsp;&nbsp;&nbsp;&nbsp;&nbsp;&nbsp;&nbsp;&nbsp;&nbsp;&nbsp; Latvijas Makslas Akademija2001\u20132005 Lahden Taideinstituutti, kuvataiteilija AMK1999\u20132000 Kannelj\u00e4rven opisto, taidelinja1996\u20131999 Helsingin kuvataidelukio, YO YKSITYISN\u00c4YTTELYT 2025 Liepeilt\u00e4, Galleria Huuto Kalasatama, Helsinki2022 Ihmeiden aika ja muita unia, Galleria G, Helsinki2020 Karkkip\u00e4iv\u00e4 ja kultainen katse, Galleria LUTS, [&hellip;]\" \/>\n<meta property=\"og:url\" content=\"http:\/\/www.ainojaaskelainen.com\/?page_id=190\" \/>\n<meta property=\"og:site_name\" content=\"Kuvataiteilija Aino J\u00e4\u00e4skel\u00e4inen\" \/>\n<meta property=\"article:publisher\" content=\"https:\/\/www.facebook.com\/ainojaaskelainentaidegraafikko\/\" \/>\n<meta property=\"article:modified_time\" content=\"2025-10-30T14:24:47+00:00\" \/>\n<meta name=\"twitter:card\" content=\"summary_large_image\" \/>\n<meta name=\"twitter:label1\" content=\"Arvioitu lukuaika\" \/>\n\t<meta name=\"twitter:data1\" content=\"4 minuuttia\" \/>\n<script type=\"application\/ld+json\" class=\"yoast-schema-graph\">{\"@context\":\"https:\\\/\\\/schema.org\",\"@graph\":[{\"@type\":\"WebPage\",\"@id\":\"http:\\\/\\\/www.ainojaaskelainen.com\\\/?page_id=190\",\"url\":\"http:\\\/\\\/www.ainojaaskelainen.com\\\/?page_id=190\",\"name\":\"CV - Kuvataiteilija Aino J\u00e4\u00e4skel\u00e4inen\",\"isPartOf\":{\"@id\":\"https:\\\/\\\/www.ainojaaskelainen.com\\\/#website\"},\"datePublished\":\"2015-03-17T12:20:01+00:00\",\"dateModified\":\"2025-10-30T14:24:47+00:00\",\"breadcrumb\":{\"@id\":\"http:\\\/\\\/www.ainojaaskelainen.com\\\/?page_id=190#breadcrumb\"},\"inLanguage\":\"fi\",\"potentialAction\":[{\"@type\":\"ReadAction\",\"target\":[\"http:\\\/\\\/www.ainojaaskelainen.com\\\/?page_id=190\"]}]},{\"@type\":\"BreadcrumbList\",\"@id\":\"http:\\\/\\\/www.ainojaaskelainen.com\\\/?page_id=190#breadcrumb\",\"itemListElement\":[{\"@type\":\"ListItem\",\"position\":1,\"name\":\"Etusivu\",\"item\":\"https:\\\/\\\/www.ainojaaskelainen.com\\\/\"},{\"@type\":\"ListItem\",\"position\":2,\"name\":\"CV\"}]},{\"@type\":\"WebSite\",\"@id\":\"https:\\\/\\\/www.ainojaaskelainen.com\\\/#website\",\"url\":\"https:\\\/\\\/www.ainojaaskelainen.com\\\/\",\"name\":\"Kuvataiteilija Aino J\u00e4\u00e4skel\u00e4inen\",\"description\":\"\",\"potentialAction\":[{\"@type\":\"SearchAction\",\"target\":{\"@type\":\"EntryPoint\",\"urlTemplate\":\"https:\\\/\\\/www.ainojaaskelainen.com\\\/?s={search_term_string}\"},\"query-input\":{\"@type\":\"PropertyValueSpecification\",\"valueRequired\":true,\"valueName\":\"search_term_string\"}}],\"inLanguage\":\"fi\"}]}<\/script>\n<!-- \/ Yoast SEO plugin. -->","yoast_head_json":{"title":"CV - Kuvataiteilija Aino J\u00e4\u00e4skel\u00e4inen","robots":{"index":"index","follow":"follow","max-snippet":"max-snippet:-1","max-image-preview":"max-image-preview:large","max-video-preview":"max-video-preview:-1"},"canonical":"http:\/\/www.ainojaaskelainen.com\/?page_id=190","og_locale":"fi_FI","og_type":"article","og_title":"CV - Kuvataiteilija Aino J\u00e4\u00e4skel\u00e4inen","og_description":"AINO J\u00c4\u00c4SKEL\u00c4INEN&nbsp;&nbsp; &nbsp;&nbsp;&nbsp; &nbsp;&nbsp;&nbsp; &nbsp;&nbsp;&nbsp; &nbsp;&nbsp;&nbsp; &nbsp;&nbsp;&nbsp;&nbsp;&nbsp;&nbsp;&nbsp;&nbsp;&nbsp;&nbsp;&nbsp; &nbsp;&nbsp;&nbsp; &nbsp;&nbsp;&nbsp;&nbsp;&nbsp;&nbsp;&nbsp;&nbsp;&nbsp;&nbsp;s.1980e-mail: ainojaaskelainen@gmail.comwww.ainojaaskelainen.com OPINNOT 2010-2011&nbsp; Taiteilijan pedagogiset erikoistumisopinnot, Lahden Taide- ja muotoiluinstituutti2005\u20132008 Kuvataideakatemia, KUM2003&nbsp;&nbsp;&nbsp;&nbsp;&nbsp;&nbsp;&nbsp;&nbsp;&nbsp;&nbsp; Latvijas Makslas Akademija2001\u20132005 Lahden Taideinstituutti, kuvataiteilija AMK1999\u20132000 Kannelj\u00e4rven opisto, taidelinja1996\u20131999 Helsingin kuvataidelukio, YO YKSITYISN\u00c4YTTELYT 2025 Liepeilt\u00e4, Galleria Huuto Kalasatama, Helsinki2022 Ihmeiden aika ja muita unia, Galleria G, Helsinki2020 Karkkip\u00e4iv\u00e4 ja kultainen katse, Galleria LUTS, [&hellip;]","og_url":"http:\/\/www.ainojaaskelainen.com\/?page_id=190","og_site_name":"Kuvataiteilija Aino J\u00e4\u00e4skel\u00e4inen","article_publisher":"https:\/\/www.facebook.com\/ainojaaskelainentaidegraafikko\/","article_modified_time":"2025-10-30T14:24:47+00:00","twitter_card":"summary_large_image","twitter_misc":{"Arvioitu lukuaika":"4 minuuttia"},"schema":{"@context":"https:\/\/schema.org","@graph":[{"@type":"WebPage","@id":"http:\/\/www.ainojaaskelainen.com\/?page_id=190","url":"http:\/\/www.ainojaaskelainen.com\/?page_id=190","name":"CV - Kuvataiteilija Aino J\u00e4\u00e4skel\u00e4inen","isPartOf":{"@id":"https:\/\/www.ainojaaskelainen.com\/#website"},"datePublished":"2015-03-17T12:20:01+00:00","dateModified":"2025-10-30T14:24:47+00:00","breadcrumb":{"@id":"http:\/\/www.ainojaaskelainen.com\/?page_id=190#breadcrumb"},"inLanguage":"fi","potentialAction":[{"@type":"ReadAction","target":["http:\/\/www.ainojaaskelainen.com\/?page_id=190"]}]},{"@type":"BreadcrumbList","@id":"http:\/\/www.ainojaaskelainen.com\/?page_id=190#breadcrumb","itemListElement":[{"@type":"ListItem","position":1,"name":"Etusivu","item":"https:\/\/www.ainojaaskelainen.com\/"},{"@type":"ListItem","position":2,"name":"CV"}]},{"@type":"WebSite","@id":"https:\/\/www.ainojaaskelainen.com\/#website","url":"https:\/\/www.ainojaaskelainen.com\/","name":"Kuvataiteilija Aino J\u00e4\u00e4skel\u00e4inen","description":"","potentialAction":[{"@type":"SearchAction","target":{"@type":"EntryPoint","urlTemplate":"https:\/\/www.ainojaaskelainen.com\/?s={search_term_string}"},"query-input":{"@type":"PropertyValueSpecification","valueRequired":true,"valueName":"search_term_string"}}],"inLanguage":"fi"}]}},"_links":{"self":[{"href":"http:\/\/www.ainojaaskelainen.com\/index.php?rest_route=\/wp\/v2\/pages\/190","targetHints":{"allow":["GET"]}}],"collection":[{"href":"http:\/\/www.ainojaaskelainen.com\/index.php?rest_route=\/wp\/v2\/pages"}],"about":[{"href":"http:\/\/www.ainojaaskelainen.com\/index.php?rest_route=\/wp\/v2\/types\/page"}],"author":[{"embeddable":true,"href":"http:\/\/www.ainojaaskelainen.com\/index.php?rest_route=\/wp\/v2\/users\/1"}],"replies":[{"embeddable":true,"href":"http:\/\/www.ainojaaskelainen.com\/index.php?rest_route=%2Fwp%2Fv2%2Fcomments&post=190"}],"version-history":[{"count":48,"href":"http:\/\/www.ainojaaskelainen.com\/index.php?rest_route=\/wp\/v2\/pages\/190\/revisions"}],"predecessor-version":[{"id":992,"href":"http:\/\/www.ainojaaskelainen.com\/index.php?rest_route=\/wp\/v2\/pages\/190\/revisions\/992"}],"wp:attachment":[{"href":"http:\/\/www.ainojaaskelainen.com\/index.php?rest_route=%2Fwp%2Fv2%2Fmedia&parent=190"}],"curies":[{"name":"wp","href":"https:\/\/api.w.org\/{rel}","templated":true}]}}